{"id":1377,"date":"2025-07-14T13:02:22","date_gmt":"2025-07-14T13:02:22","guid":{"rendered":"https:\/\/piwgrojec.pl\/?page_id=1377"},"modified":"2025-07-14T13:02:22","modified_gmt":"2025-07-14T13:02:22","slug":"sygnalisci","status":"publish","type":"page","link":"https:\/\/piwgrojec.pl\/?page_id=1377","title":{"rendered":"Sygnali\u015bci"},"content":{"rendered":"\n<div class=\"wp-block-file\"><object class=\"wp-block-file__embed\" data=\"https:\/\/piwgrojec.pl\/wp-content\/uploads\/2025\/07\/Procedura-przyjmowania-zgloszen-zewnetrznych-naruszenia-prawa-w-Powiatowym-Inspektoracie-Weterynarii-w-Grojcu-oraz-podejmowania-dzialan-nastepczych.pdf\" type=\"application\/pdf\" style=\"width:100%;height:600px\" aria-label=\"Osadzone z Procedura przyjmowania zg\u0142osze\u0144 zewn\u0119trznych naruszenia prawa w Powiatowym Inspektoracie Weterynarii w Gr\u00f3jcu oraz podejmowania dzia\u0142a\u0144 nast\u0119pczych.\"><\/object><a id=\"wp-block-file--media-39d6de59-d5c4-4ddc-8e78-9c4550044a0d\" href=\"https:\/\/piwgrojec.pl\/wp-content\/uploads\/2025\/07\/Procedura-przyjmowania-zgloszen-zewnetrznych-naruszenia-prawa-w-Powiatowym-Inspektoracie-Weterynarii-w-Grojcu-oraz-podejmowania-dzialan-nastepczych.pdf\">Procedura przyjmowania zg\u0142osze\u0144 zewn\u0119trznych naruszenia prawa w Powiatowym Inspektoracie Weterynarii w Gr\u00f3jcu oraz podejmowania dzia\u0142a\u0144 nast\u0119pczych<\/a><a href=\"https:\/\/piwgrojec.pl\/wp-content\/uploads\/2025\/07\/Procedura-przyjmowania-zgloszen-zewnetrznych-naruszenia-prawa-w-Powiatowym-Inspektoracie-Weterynarii-w-Grojcu-oraz-podejmowania-dzialan-nastepczych.pdf\" class=\"wp-block-file__button\" download aria-describedby=\"wp-block-file--media-39d6de59-d5c4-4ddc-8e78-9c4550044a0d\">Pobierz<\/a><\/div>\n","protected":false},"excerpt":{"rendered":"","protected":false},"author":4,"featured_media":0,"parent":0,"menu_order":0,"comment_status":"closed","ping_status":"closed","template":"","meta":[],"_links":{"self":[{"href":"https:\/\/piwgrojec.pl\/index.php?rest_route=\/wp\/v2\/pages\/1377"}],"collection":[{"href":"https:\/\/piwgrojec.pl\/index.php?rest_route=\/wp\/v2\/pages"}],"about":[{"href":"https:\/\/piwgrojec.pl\/index.php?rest_route=\/wp\/v2\/types\/page"}],"author":[{"embeddable":true,"href":"https:\/\/piwgrojec.pl\/index.php?rest_route=\/wp\/v2\/users\/4"}],"replies":[{"embeddable":true,"href":"https:\/\/piwgrojec.pl\/index.php?rest_route=%2Fwp%2Fv2%2Fcomments&post=1377"}],"version-history":[{"count":1,"href":"https:\/\/piwgrojec.pl\/index.php?rest_route=\/wp\/v2\/pages\/1377\/revisions"}],"predecessor-version":[{"id":1380,"href":"https:\/\/piwgrojec.pl\/index.php?rest_route=\/wp\/v2\/pages\/1377\/revisions\/1380"}],"wp:attachment":[{"href":"https:\/\/piwgrojec.pl\/index.php?rest_route=%2Fwp%2Fv2%2Fmedia&parent=1377"}],"curies":[{"name":"wp","href":"https:\/\/api.w.org\/{rel}","templated":true}]}}