{"id":170,"date":"2021-01-21T07:51:29","date_gmt":"2021-01-21T07:51:29","guid":{"rendered":"https:\/\/piwgrojec.pl\/?page_id=170"},"modified":"2021-01-25T11:02:21","modified_gmt":"2021-01-25T11:02:21","slug":"skargi-i-wnioski","status":"publish","type":"page","link":"https:\/\/piwgrojec.pl\/?page_id=170","title":{"rendered":"Skargi i wnioski"},"content":{"rendered":"\n<p>Powiatowy Lekarz Weterynarii w Gr\u00f3jcu lub osoba przez niego <br>wyznaczona przyjmuje interesant\u00f3w w sprawach skarg i wniosk\u00f3w <br>w ka\u017cd\u0105 \u015brod\u0119 w godzinach od 9:00 do 10:00.<\/p>\n","protected":false},"excerpt":{"rendered":"<p>Powiatowy Lekarz Weterynarii w Gr\u00f3jcu lub osoba przez niego wyznaczona przyjmuje interesant\u00f3w w sprawach skarg i wniosk\u00f3w w ka\u017cd\u0105 \u015brod\u0119 w godzinach od 9:00 do 10:00.<\/p>\n","protected":false},"author":1,"featured_media":0,"parent":0,"menu_order":0,"comment_status":"closed","ping_status":"closed","template":"","meta":[],"_links":{"self":[{"href":"https:\/\/piwgrojec.pl\/index.php?rest_route=\/wp\/v2\/pages\/170"}],"collection":[{"href":"https:\/\/piwgrojec.pl\/index.php?rest_route=\/wp\/v2\/pages"}],"about":[{"href":"https:\/\/piwgrojec.pl\/index.php?rest_route=\/wp\/v2\/types\/page"}],"author":[{"embeddable":true,"href":"https:\/\/piwgrojec.pl\/index.php?rest_route=\/wp\/v2\/users\/1"}],"replies":[{"embeddable":true,"href":"https:\/\/piwgrojec.pl\/index.php?rest_route=%2Fwp%2Fv2%2Fcomments&post=170"}],"version-history":[{"count":4,"href":"https:\/\/piwgrojec.pl\/index.php?rest_route=\/wp\/v2\/pages\/170\/revisions"}],"predecessor-version":[{"id":222,"href":"https:\/\/piwgrojec.pl\/index.php?rest_route=\/wp\/v2\/pages\/170\/revisions\/222"}],"wp:attachment":[{"href":"https:\/\/piwgrojec.pl\/index.php?rest_route=%2Fwp%2Fv2%2Fmedia&parent=170"}],"curies":[{"name":"wp","href":"https:\/\/api.w.org\/{rel}","templated":true}]}}