{"id":18,"date":"2020-12-05T18:16:59","date_gmt":"2020-12-05T18:16:59","guid":{"rendered":"https:\/\/piwgrojec.pl\/?page_id=18"},"modified":"2020-12-06T11:08:23","modified_gmt":"2020-12-06T11:08:23","slug":"rodo","status":"publish","type":"page","link":"https:\/\/piwgrojec.pl\/?page_id=18","title":{"rendered":"Klauzula informacyjna RODO"},"content":{"rendered":"\n<p>Zgodnie z art. 13 ust. 1 i 2 rozporz\u0105dzenia Parlamentu Europejskiego i Rady (UE) 2016\/679 z dnia 27 kwietnia 2016 r. w sprawie ochrony os\u00f3b fizycznych w zwi\u0105zku z przetwarzaniem danych osobowych i w sprawie swobodnego przep\u0142ywu takich danych oraz uchylenia dyrektywy 95\/46\/WE (og\u00f3lnego rozporz\u0105dzenia o ochronie danych), (dalej: RODO) informujmy, \u017ce:<\/p>\n\n\n\n<ol type=\"1\"><li><strong>Administratorem<\/strong> Pa\u0144stwa danych osobowych jest <strong>POWIATOWY LEKARZ WETERYNARII W GR\u00d3JCU,<\/strong> ul. Mogielnicka 67, zwanym dalej: r\u00f3wnie\u017c \u201ePLW\u201d.<\/li><li>Administrator powo\u0142a\u0142 Inspektora Ochrony Danych (IOD), kt\u00f3ry w jego imieniu nadzoruje sfer\u0119 przetwarzania danych osobowych. Z IOD mo\u017cna kontaktowa\u0107 si\u0119 pod adresem email iod@piwgrojec.pl<strong> <\/strong>lub numerem telefonu +48 48 664 2394. Z inspektorem Ochrony Danych mo\u017cna si\u0119 skontaktowa\u0107 we wszystkich sprawach dotycz\u0105cych przetwarzania danych osobowych oraz korzystania z praw zwi\u0105zanych z przetwarzaniem danych.<\/li><li>Do zakresu dzia\u0142ania PLW nale\u017cy wykonywanie zada\u0144 maj\u0105cych na celu zapewnienie ochrony zdrowia publicznego. Wynikaj\u0105 one z przepis\u00f3w prawa, w szczeg\u00f3lno\u015bci z ustawy z dnia 29 stycznia 2004 r. o Inspekcji Weterynaryjnej (Dz.U. z 2018 r., poz. 36 z p\u00f3\u017an. zm.). Administrator przetwarza Pa\u0144stwa dane osobowe w \u015bci\u015ble okre\u015blonym, minimalnym zakresie niezb\u0119dnym do osi\u0105gni\u0119cia celu, o kt\u00f3rym mowa powy\u017cej.<\/li><li>W szczeg\u00f3lnych sytuacjach Administrator mo\u017ce przekaza\u0107\/powierzy\u0107 Pa\u0144stwa dane innym podmiotom. Podstaw\u0105 przekazania\/powierzenia danych s\u0105 przepisy prawa (np. wymiar sprawiedliwo\u015bci, administracja skarbowa) lub w\u0142a\u015bciwie skonstruowane, zapewniaj\u0105ce bezpiecze\u0144stwo danym osobowym, umowy powierzenia danych do przetwarzania.<\/li><li>Pa\u0144stwa dane osobowe nie b\u0119d\u0105 przekazywane do pa\u0144stwa trzeciego ani organizacji mi\u0119dzynarodowych.<\/li><li>Dane osobowe przetwarzane przez PLW przechowywane b\u0119d\u0105 przez okres niezb\u0119dny do realizacji celu dla jakiego zosta\u0142y zebrane oraz zgodnie z terminami archiwizacji okre\u015blonymi w przepisach prawa.<\/li><li>Ka\u017cda osoba, z wyj\u0105tkami zastrze\u017conymi przepisami prawa, ma prawo do dost\u0119pu do tre\u015bci danych osobowych jej dotycz\u0105cych, \u017c\u0105dania ich sprostowania, usuni\u0119cia, ograniczenia przetwarzania oraz do wniesienia sprzeciwu wobec przetwarzania.<\/li><li>W trakcie przetwarzania danych nie dochodzi do zautomatyzowanego podejmowania decyzji ani do profilowania. Podanie przez Pa\u0144stwa danych osobowych jest obowi\u0105zkowe, poniewa\u017c wynika z przepis\u00f3w prawa na podstawie, kt\u00f3rych dzia\u0142a PIW. Konsekwencj\u0105 ich niepodania by\u0142by brak mo\u017cliwo\u015bci wykonywania wzajemnych praw i obowi\u0105zk\u00f3w wynikaj\u0105cych z obowi\u0105zuj\u0105cych przepis\u00f3w weterynaryjnych. W przypadku danych osobowych udost\u0119pnionych przez Pa\u0144stwa dobrowolnie, kt\u00f3rych obowi\u0105zek przekazania nie wynika z przepis\u00f3w prawa, przys\u0142uguje Pa\u0144stwu prawo dost\u0119pu do tre\u015bci tych danych, ich sprostowania oraz \u017c\u0105dania ograniczenia ich przetwarzania, a tak\u017ce do ich usuni\u0119cia. Osoba, kt\u00f3rej dane przetwarzane s\u0105 na podstawie zgody wyra\u017conej przez t\u0119 osob\u0119 ma prawo do cofni\u0119cia tej zgody w dowolnym momencie bez wp\u0142ywu na zgodno\u015b\u0107 z prawem przetwarzania, kt\u00f3rego dokonano na podstawie zgody przed jej cofni\u0119ciem.<\/li><li>Maj\u0105 Pa\u0144stwo prawo do wniesienia skargi do Prezesa Urz\u0119du Ochrony Danych Osobowych, je\u017celi uznaj\u0105 Pa\u0144stwo, \u017ce przetwarzanie danych osobowych Pa\u0144stwa dotycz\u0105cych narusza przepisy o ochronie danych osobowych.<\/li><li>Podanie danych osobowych w zakresie wymaganym obowi\u0105zuj\u0105cymi przepisami prawa jest obowi\u0105zkowe (wym\u00f3g ustawowy). W pozosta\u0142ych przypadkach podawanie danych osobowych ma charakter dobrowolny. W celu uzyskania informacji o potencjalnych konsekwencjach niepodania danych, prosimy o zg\u0142oszenie si\u0119 do Inspektora Ochrony Danych lub o kontakt: biuro@piwgrojec.pl<strong>, t<\/strong>el. +48 48 664 2394.<\/li><\/ol>\n","protected":false},"excerpt":{"rendered":"<p>Zgodnie z art. 13 ust. 1 i 2 rozporz\u0105dzenia Parlamentu Europejskiego i Rady (UE) 2016\/679 z dnia 27 kwietnia 2016 r. w sprawie ochrony os\u00f3b fizycznych w zwi\u0105zku z przetwarzaniem danych osobowych i w sprawie swobodnego przep\u0142ywu takich danych oraz uchylenia dyrektywy 95\/46\/WE (og\u00f3lnego rozporz\u0105dzenia o ochronie danych), (dalej: RODO) informujmy, \u017ce: Administratorem Pa\u0144stwa danych &hellip; <a href=\"https:\/\/piwgrojec.pl\/?page_id=18\" class=\"more-link\">Czytaj dalej <span class=\"screen-reader-text\">Klauzula informacyjna RODO<\/span><\/a><\/p>\n","protected":false},"author":1,"featured_media":0,"parent":0,"menu_order":0,"comment_status":"closed","ping_status":"closed","template":"","meta":[],"_links":{"self":[{"href":"https:\/\/piwgrojec.pl\/index.php?rest_route=\/wp\/v2\/pages\/18"}],"collection":[{"href":"https:\/\/piwgrojec.pl\/index.php?rest_route=\/wp\/v2\/pages"}],"about":[{"href":"https:\/\/piwgrojec.pl\/index.php?rest_route=\/wp\/v2\/types\/page"}],"author":[{"embeddable":true,"href":"https:\/\/piwgrojec.pl\/index.php?rest_route=\/wp\/v2\/users\/1"}],"replies":[{"embeddable":true,"href":"https:\/\/piwgrojec.pl\/index.php?rest_route=%2Fwp%2Fv2%2Fcomments&post=18"}],"version-history":[{"count":2,"href":"https:\/\/piwgrojec.pl\/index.php?rest_route=\/wp\/v2\/pages\/18\/revisions"}],"predecessor-version":[{"id":45,"href":"https:\/\/piwgrojec.pl\/index.php?rest_route=\/wp\/v2\/pages\/18\/revisions\/45"}],"wp:attachment":[{"href":"https:\/\/piwgrojec.pl\/index.php?rest_route=%2Fwp%2Fv2%2Fmedia&parent=18"}],"curies":[{"name":"wp","href":"https:\/\/api.w.org\/{rel}","templated":true}]}}