{"id":32,"date":"2020-12-06T09:06:13","date_gmt":"2020-12-06T09:06:13","guid":{"rendered":"https:\/\/piwgrojec.pl\/?page_id=32"},"modified":"2021-06-23T11:09:15","modified_gmt":"2021-06-23T11:09:15","slug":"deklaracja-dostepnosci","status":"publish","type":"page","link":"https:\/\/piwgrojec.pl\/?page_id=32","title":{"rendered":"Deklaracja dost\u0119pno\u015bci"},"content":{"rendered":"\n<h2>Deklaracja dost\u0119pno\u015bci serwisu piwgrojec.pl<\/h2>\n\n\n\n<p>Powiatowy Inspektorat Weterynarii w Gr\u00f3jcu zobowi\u0105zuje si\u0119 zapewni\u0107 dost\u0119pno\u015b\u0107 strony internetowej piwgrojec.pl zgodnie z ustaw\u0105 z dnia <br>4 kwietnia 2019 r. o dost\u0119pno\u015bci cyfrowej stron internetowych i aplikacji mobilnych podmiot\u00f3w publicznych. <br>O\u015bwiadczenie w sprawie dost\u0119pno\u015bci ma zastosowanie do serwisu<br>internetowego <a href=\"https:\/\/piwgrojec.pl\/\">Powiatowy Inspektorat Weterynarii w Gr\u00f3jcu (piwgrojec.pl)<\/a><\/p>\n\n\n\n<p>Data publikacji strony internetowej: 2020.12.05<\/p>\n\n\n\n<p>Data ostatniej du\u017cej aktualizacji: 2020.12.05<\/p>\n\n\n\n<p>Strona internetowa jest cz\u0119\u015bciowo zgodna z ustaw\u0105 o dost\u0119pno\u015bci cyfrowej stron internetowych i aplikacji mobilnych podmiot\u00f3w publicznych.<\/p>\n\n\n\n<p>O\u015bwiadczenie sporz\u0105dzono dnia 2020.12.06. <br>Deklaracj\u0119 sporz\u0105dzono na podstawie samooceny przeprowadzonej przez podmiot publiczny.<\/p>\n\n\n\n<p>Na stronie internetowej mo\u017cna korzysta\u0107 ze standardowych skr\u00f3t\u00f3w klawiaturowych.<\/p>\n\n\n\n<h2>Informacje zwrotne i dane kontaktowe<\/h2>\n\n\n\n<p>W przypadku problem\u00f3w z dost\u0119pno\u015bci\u0105 cyfrowej dla os\u00f3b <br>niepe\u0142nosprawnych strony internetowej prosimy o kontakt. <br>Osob\u0105 odpowiedzialn\u0105 jest Agnieszka Wieteska, adres poczty <br>elektronicznej <a href=\"mailto:agnieszka.wieteska@piwgrojec.pl\">agnieszka.wieteska@piwgrojec.pl<\/a>. Kontaktowa\u0107 mo\u017cna si\u0119 tak\u017ce dzwoni\u0105c na numer telefonu +48 48 664 23 94. T\u0105 sam\u0105 drog\u0105 mo\u017cna sk\u0142ada\u0107 wnioski o udost\u0119pnienie informacji niedost\u0119pnej oraz sk\u0142ada\u0107 skargi na brak zapewnienia dost\u0119pno\u015bci.<\/p>\n\n\n\n<p>Ka\u017cdy ma prawo do wyst\u0105pienia z \u017c\u0105daniem zapewnienia dost\u0119pno\u015bci cyfrowej strony internetowej, aplikacji mobilnej lub jakiego\u015b ich<br>elementu. Mo\u017cna tak\u017ce za\u017c\u0105da\u0107 udost\u0119pnienia informacji w formach <br>alternatywnych, na przyk\u0142ad odczytanie niedost\u0119pnego cyfrowo <br>dokumentu, opisania zawarto\u015bci filmu bez audiodeskrypcji itp. <br>\u017b\u0105danie powinno zawiera\u0107 dane osoby zg\u0142aszaj\u0105cej \u017c\u0105danie, wskazanie, o kt\u00f3r\u0105 stron\u0119 internetow\u0105 lub aplikacj\u0119 mobiln\u0105 chodzi oraz spos\u00f3b kontaktu. Je\u017celi osoba \u017c\u0105daj\u0105ca zg\u0142asza potrzeb\u0119 otrzymania informacji w formie alternatywnej, powinna tak\u017ce okre\u015bli\u0107 form\u0119 tej informacji.<\/p>\n\n\n\n<p>Podmiot publiczny powinien zrealizowa\u0107 \u017c\u0105danie niezw\u0142ocznie <br>i nie p\u00f3\u017aniej, ni\u017c w ci\u0105gu 7 dni. Je\u017celi dotrzymanie tego terminu nie jest mo\u017cliwe, podmiot publiczny niezw\u0142ocznie informuje o tym, kiedy <br>realizacja \u017c\u0105dania b\u0119dzie mo\u017cliwa, przy czym termin ten nie mo\u017ce by\u0107 d\u0142u\u017cszy ni\u017c 2 miesi\u0105ce. Je\u017celi zapewnienie dost\u0119pno\u015bci nie jest mo\u017cliwe, podmiot publiczny mo\u017ce zaproponowa\u0107 alternatywny spos\u00f3b dost\u0119pu do informacji.<\/p>\n\n\n\n<p>W przypadku, gdy podmiot odm\u00f3wi realizacji \u017c\u0105dania zapewnienia <br>dost\u0119pno\u015bci lub alternatywnego dost\u0119pu do informacji, mo\u017cna z\u0142o\u017cy\u0107 skarg\u0119 na takie dzia\u0142anie.<\/p>\n\n\n\n<p>Po wyczerpaniu wszystkich mo\u017cliwo\u015bci skarg\u0119 mo\u017cna przes\u0142a\u0107 tak\u017ce<br>do Rzecznika Praw Obywatelskich.<br>Adres strony internetowej: <a href=\"https:\/\/www.rpo.gov.pl\/\">Rzecznik Praw Obywatelskich | (rpo.gov.pl)<\/a><\/p>\n\n\n\n<h2>Dost\u0119pno\u015b\u0107 architektoniczna<\/h2>\n\n\n\n<p>Powiatowy Inspektorat Weterynarii w Gr\u00f3jcu ul. Mogielnicka 67, 05-600 Gr\u00f3jec.<br>Do budynku prowadzi 1 wej\u015bcie od podw\u00f3rza, na boku ganku <br>z wej\u015bciem szyld instytucji. <br>Po przej\u015bciu wiatro\u0142apu obni\u017cenie posadzki 20 cm oznaczone czarno- \u017c\u00f3\u0142t\u0105 naklejk\u0105.<\/p>\n\n\n\n<p>Recepcja znajduje si\u0119 po prawej stronie od wej\u015bcia. <\/p>\n\n\n\n<p>Dla os\u00f3b na w\u00f3zkach &#8211; prosimy o kontakt telefoniczny pod nr tel. 48 664 23 94, po kt\u00f3rym wyjdzie do osoby niepe\u0142nosprawnej pracownik.<\/p>\n\n\n\n<p>Przed budynkiem miejsca parkingowe,  na kt\u00f3rych mo\u017ce zatrzyma\u0107 si\u0119  osoba niepe\u0142nosprawna.<\/p>\n\n\n\n<p>Do budynku i wszystkich jego pomieszcze\u0144 mo\u017cna wej\u015b\u0107 <br>z psem asystuj\u0105cym i psem przewodnikiem.<\/p>\n\n\n\n<p>W inspektoracie nie ma p\u0119tli indukcyjnych.<\/p>\n\n\n\n<p>W budynku nie ma oznacze\u0144 w alfabecie brajla ani oznacze\u0144 <br>kontrastowych lub w druku powi\u0119kszonym dla os\u00f3b niewidomych<br>i s\u0142abowidz\u0105cych.<\/p>\n","protected":false},"excerpt":{"rendered":"<p>Deklaracja dost\u0119pno\u015bci serwisu piwgrojec.pl Powiatowy Inspektorat Weterynarii w Gr\u00f3jcu zobowi\u0105zuje si\u0119 zapewni\u0107 dost\u0119pno\u015b\u0107 strony internetowej piwgrojec.pl zgodnie z ustaw\u0105 z dnia 4 kwietnia 2019 r. o dost\u0119pno\u015bci cyfrowej stron internetowych i aplikacji mobilnych podmiot\u00f3w publicznych. O\u015bwiadczenie w sprawie dost\u0119pno\u015bci ma zastosowanie do serwisuinternetowego Powiatowy Inspektorat Weterynarii w Gr\u00f3jcu (piwgrojec.pl) Data publikacji strony internetowej: 2020.12.05 Data &hellip; <a href=\"https:\/\/piwgrojec.pl\/?page_id=32\" class=\"more-link\">Czytaj dalej <span class=\"screen-reader-text\">Deklaracja dost\u0119pno\u015bci<\/span><\/a><\/p>\n","protected":false},"author":1,"featured_media":0,"parent":0,"menu_order":10,"comment_status":"closed","ping_status":"closed","template":"","meta":[],"_links":{"self":[{"href":"https:\/\/piwgrojec.pl\/index.php?rest_route=\/wp\/v2\/pages\/32"}],"collection":[{"href":"https:\/\/piwgrojec.pl\/index.php?rest_route=\/wp\/v2\/pages"}],"about":[{"href":"https:\/\/piwgrojec.pl\/index.php?rest_route=\/wp\/v2\/types\/page"}],"author":[{"embeddable":true,"href":"https:\/\/piwgrojec.pl\/index.php?rest_route=\/wp\/v2\/users\/1"}],"replies":[{"embeddable":true,"href":"https:\/\/piwgrojec.pl\/index.php?rest_route=%2Fwp%2Fv2%2Fcomments&post=32"}],"version-history":[{"count":30,"href":"https:\/\/piwgrojec.pl\/index.php?rest_route=\/wp\/v2\/pages\/32\/revisions"}],"predecessor-version":[{"id":541,"href":"https:\/\/piwgrojec.pl\/index.php?rest_route=\/wp\/v2\/pages\/32\/revisions\/541"}],"wp:attachment":[{"href":"https:\/\/piwgrojec.pl\/index.php?rest_route=%2Fwp%2Fv2%2Fmedia&parent=32"}],"curies":[{"name":"wp","href":"https:\/\/api.w.org\/{rel}","templated":true}]}}