{"id":47,"date":"2020-12-06T11:43:54","date_gmt":"2020-12-06T11:43:54","guid":{"rendered":"https:\/\/piwgrojec.pl\/?page_id=47"},"modified":"2025-12-16T08:55:25","modified_gmt":"2025-12-16T08:55:25","slug":"glowna","status":"publish","type":"page","link":"https:\/\/piwgrojec.pl\/","title":{"rendered":""},"content":{"rendered":"\n<figure class=\"wp-block-image size-large\"><img loading=\"lazy\" width=\"800\" height=\"126\" src=\"https:\/\/piwgrojec.pl\/wp-content\/uploads\/2020\/12\/piw_banner.png\" alt=\"\" class=\"wp-image-48\" srcset=\"https:\/\/piwgrojec.pl\/wp-content\/uploads\/2020\/12\/piw_banner.png 800w, https:\/\/piwgrojec.pl\/wp-content\/uploads\/2020\/12\/piw_banner-300x47.png 300w, https:\/\/piwgrojec.pl\/wp-content\/uploads\/2020\/12\/piw_banner-768x121.png 768w\" sizes=\"(max-width: 800px) 100vw, 800px\" \/><\/figure>\n\n\n\n<p class=\"has-text-align-center\">05-600 Gr\u00f3jec<br>ul. Mogielnicka 67<br>tel. 48 6642394<br>fax 48 6642394 w. 25<br>e-mail biuro@piwgrojec.pl<\/p>\n\n\n\n<p class=\"has-text-align-center\">Czynny od poniedzia\u0142ku do pi\u0105tku w godzinach 7:15 &#8211; 15:15<\/p>\n\n\n\n<p class=\"has-text-align-center\">W pi\u0105tek punkt kancelaryjny czynny do godz. 18:00<\/p>\n\n\n\n<p><\/p>\n\n\n\n<p class=\"has-text-align-center\"><br><code> dane GPS szer. d\u0142. 51.8611  20.8562<\/code><\/p>\n\n\n\n<p>NIP 7971591711<br>Regon 670230764<br>PKD 8413Z<\/p>\n\n\n\n<p class=\"has-text-align-left\"><em><strong>Powiatowy Inspektorat Weterynarii w Gr\u00f3jcu <\/strong>&nbsp;jest w\u0142a\u015bciwy administracyjnie dla powiatu gr\u00f3jeckiego. Obszar dzia\u0142ania obejmuje nast\u0119puj\u0105ce gminy: Belsk Du\u017cy, B\u0142\u0119d\u00f3w, Chyn\u00f3w, Goszczyn, Gr\u00f3jec, Jasieniec, Mogielnica, Nowe Miasto nad Pilic\u0105, Pniewy, Warka.<\/em><\/p>\n\n\n\n<div class=\"wp-container-4 wp-block-columns\">\n<div class=\"wp-container-1 wp-block-column\">\n<figure class=\"wp-block-image size-large\"><a href=\"https:\/\/piwgrojec.pl\/poradnik-epuap\"><img loading=\"lazy\" width=\"230\" height=\"100\" src=\"https:\/\/piwgrojec.pl\/wp-content\/uploads\/2020\/12\/logo_epuap.png\" alt=\"\" class=\"wp-image-66\"\/><\/a><\/figure>\n<\/div>\n\n\n\n<div class=\"wp-container-2 wp-block-column\"><\/div>\n\n\n\n<div class=\"wp-container-3 wp-block-column\">\n<figure class=\"wp-block-image size-large\"><a href=\"https:\/\/piwgrojec.pl\/bip\/strona-glowna-bip\/\"><img loading=\"lazy\" width=\"329\" height=\"212\" src=\"https:\/\/piwgrojec.pl\/wp-content\/uploads\/2020\/12\/logo_bip.png\" alt=\"\" class=\"wp-image-60\" srcset=\"https:\/\/piwgrojec.pl\/wp-content\/uploads\/2020\/12\/logo_bip.png 329w, https:\/\/piwgrojec.pl\/wp-content\/uploads\/2020\/12\/logo_bip-300x193.png 300w\" sizes=\"(max-width: 329px) 100vw, 329px\" \/><\/a><\/figure>\n<\/div>\n<\/div>\n\n\n\n<div class=\"wp-container-7 wp-block-columns has-light-blue-background-color has-background\">\n<div class=\"wp-container-6 wp-block-column\" style=\"flex-basis:100%\">\n<p class=\"has-text-align-center\"><strong>Najnowsze aktualno\u015bci<\/strong><\/p>\n\n\n\n<div class=\"wp-container-5 wp-block-group\"><div class=\"wp-block-group__inner-container\"><ul class=\"wp-block-latest-posts__list has-dates wp-block-latest-posts\"><li><a class=\"wp-block-latest-posts__post-title\" href=\"https:\/\/piwgrojec.pl\/?p=1575\">W zwi\u0105zku z aktualn\u0105 sytuacj\u0105 epizootyczn\u0105 dotycz\u0105c\u0105 wyst\u0119powania ognisk wysoce zjadliwej grypy ptak\u00f3w (HPAI) na terenie wojew\u00f3dztwa mazowieckiego Powiatowy Lekarz Weterynarii w Gr\u00f3jcu przypomina podmiotom utrzymuj\u0105cym dr\u00f3b o:<\/a><time datetime=\"2026-04-09T09:24:56+00:00\" class=\"wp-block-latest-posts__post-date\">9 kwietnia, 2026<\/time><\/li>\n<li><a class=\"wp-block-latest-posts__post-title\" href=\"https:\/\/piwgrojec.pl\/?p=1533\">ULOTKA zakaz sprzeda\u017cy zwierz\u0105t domowych<\/a><time datetime=\"2026-03-23T13:03:46+00:00\" class=\"wp-block-latest-posts__post-date\">23 marca, 2026<\/time><\/li>\n<li><a class=\"wp-block-latest-posts__post-title\" href=\"https:\/\/piwgrojec.pl\/?p=1530\">ULOTKA dobrostan zwierz\u0105t na targowisku oraz podczas transportu<\/a><time datetime=\"2026-03-23T13:02:19+00:00\" class=\"wp-block-latest-posts__post-date\">23 marca, 2026<\/time><\/li>\n<\/ul><\/div><\/div>\n<\/div>\n<\/div>\n","protected":false},"excerpt":{"rendered":"<p>05-600 Gr\u00f3jecul. Mogielnicka 67tel. 48 6642394fax 48 6642394 w. 25e-mail biuro@piwgrojec.pl Czynny od poniedzia\u0142ku do pi\u0105tku w godzinach 7:15 &#8211; 15:15 W pi\u0105tek punkt kancelaryjny czynny do godz. 18:00 dane GPS szer. d\u0142. 51.8611 20.8562 NIP 7971591711Regon 670230764PKD 8413Z Powiatowy Inspektorat Weterynarii w Gr\u00f3jcu &nbsp;jest w\u0142a\u015bciwy administracyjnie dla powiatu gr\u00f3jeckiego. Obszar dzia\u0142ania obejmuje nast\u0119puj\u0105ce gminy: &hellip; <a href=\"https:\/\/piwgrojec.pl\/\" class=\"more-link\">Czytaj dalej <span class=\"screen-reader-text\"><\/span><\/a><\/p>\n","protected":false},"author":1,"featured_media":0,"parent":0,"menu_order":0,"comment_status":"closed","ping_status":"closed","template":"","meta":[],"_links":{"self":[{"href":"https:\/\/piwgrojec.pl\/index.php?rest_route=\/wp\/v2\/pages\/47"}],"collection":[{"href":"https:\/\/piwgrojec.pl\/index.php?rest_route=\/wp\/v2\/pages"}],"about":[{"href":"https:\/\/piwgrojec.pl\/index.php?rest_route=\/wp\/v2\/types\/page"}],"author":[{"embeddable":true,"href":"https:\/\/piwgrojec.pl\/index.php?rest_route=\/wp\/v2\/users\/1"}],"replies":[{"embeddable":true,"href":"https:\/\/piwgrojec.pl\/index.php?rest_route=%2Fwp%2Fv2%2Fcomments&post=47"}],"version-history":[{"count":34,"href":"https:\/\/piwgrojec.pl\/index.php?rest_route=\/wp\/v2\/pages\/47\/revisions"}],"predecessor-version":[{"id":1459,"href":"https:\/\/piwgrojec.pl\/index.php?rest_route=\/wp\/v2\/pages\/47\/revisions\/1459"}],"wp:attachment":[{"href":"https:\/\/piwgrojec.pl\/index.php?rest_route=%2Fwp%2Fv2%2Fmedia&parent=47"}],"curies":[{"name":"wp","href":"https:\/\/api.w.org\/{rel}","templated":true}]}}