{"id":7,"date":"2020-12-05T16:30:50","date_gmt":"2020-12-05T16:30:50","guid":{"rendered":"https:\/\/piwgrojec.pl\/?page_id=7"},"modified":"2026-02-06T06:27:35","modified_gmt":"2026-02-06T06:27:35","slug":"kontakt","status":"publish","type":"page","link":"https:\/\/piwgrojec.pl\/?page_id=7","title":{"rendered":"Kontakt"},"content":{"rendered":"\n<div class=\"wp-container-4 wp-block-group\"><div class=\"wp-block-group__inner-container\">\n<div class=\"wp-container-3 wp-block-columns\">\n<div class=\"wp-container-1 wp-block-column\">\n<p><strong>Powiatowy Inspektorat Weterynarii<\/strong><br><strong> w Gr\u00f3jcu<\/strong><\/p>\n<\/div>\n\n\n\n<div class=\"wp-container-2 wp-block-column\">\n<p>                                                               <mark style=\"background-color:rgba(0, 0, 0, 0)\" class=\"has-inline-color has-medium-pink-color\"><\/mark><\/p>\n<\/div>\n<\/div>\n\n\n\n<p>ul. Mogielnicka 67 05-600 Gr\u00f3jec<\/p>\n\n\n\n<p><\/p>\n\n\n\n<p>EPUAP: <a href=\"https:\/\/epuap.gov.pl\/wps\/myportal\/aplikacje\/skrzynka\">\/piw_grojec\/skrytka<\/a><\/p>\n\n\n\n<p>eDor\u0119czenia: AE:PL-44316-71251-JGHRG-24<\/p>\n\n\n\n<p>NIP: 7971591711<br>Regon: 670230764<br>PKD: 8413Z<\/p>\n\n\n\n<p><strong>Sekretariat<\/strong><br><strong>Tel.: 48\u00a0664 23 94<\/strong><br><strong>e-mail: biuro@piwgrojec.pl<\/strong><br><br><br><\/p>\n\n\n\n<p><strong>Powiatowy Lekarz Weterynarii w Gr\u00f3jcu<\/strong> &#8211; <strong>lek. wet. Agnieszka Kowalska<\/strong><br><br>48 664 23 94  <\/p>\n\n\n\n<p><strong>Zast\u0119pca Powiatowego Lekarza Weterynarii w Gr\u00f3jcu &#8211;  lek. wet. Agnieszka Lasota<\/strong><br><br>48 664 23 94 <\/p>\n\n\n\n<p class=\"has-text-align-left\"><strong>Zesp\u00f3\u0142 ds. zdrowia i ochrony zwierz\u0105t<\/strong><br><br>48 664 23 94 w. 22<br><br>48 664 23 94 w. 27<br><\/p>\n\n\n\n<p class=\"has-text-align-left\"><strong>Zesp\u00f3\u0142 ds. bezpiecze\u0144stwa \u017cywno\u015bci, pasz i utylizacji<\/strong><br><br>bezpiecze\u0144stwo \u017cywno\u015bci &#8211; 48 664 23 94 w. 24 <\/p>\n\n\n\n<p class=\"has-text-align-left\">pasze i utylizacja &#8211; 48 664 23 94 w. 21<br><br><strong>Zesp\u00f3\u0142 ds. finansowo-ksi\u0119gowych<\/strong> <strong>i administracyjnych<\/strong><br> <br>48 664 23 94 w. 26<\/p>\n\n\n\n<p class=\"has-text-align-left\">48 664 23 94 w. 28<br><br>48&nbsp;664 23 94 w. 20<br><\/p>\n<\/div><\/div>\n\n\n\n<p><br><\/p>\n","protected":false},"excerpt":{"rendered":"<p>Powiatowy Inspektorat Weterynarii w Gr\u00f3jcu ul. Mogielnicka 67 05-600 Gr\u00f3jec EPUAP: \/piw_grojec\/skrytka eDor\u0119czenia: AE:PL-44316-71251-JGHRG-24 NIP: 7971591711Regon: 670230764PKD: 8413Z SekretariatTel.: 48\u00a0664 23 94e-mail: biuro@piwgrojec.pl Powiatowy Lekarz Weterynarii w Gr\u00f3jcu &#8211; lek. wet. Agnieszka Kowalska 48 664 23 94 Zast\u0119pca Powiatowego Lekarza Weterynarii w Gr\u00f3jcu &#8211; lek. wet. Agnieszka Lasota 48 664 23 94 Zesp\u00f3\u0142 ds. zdrowia &hellip; <a href=\"https:\/\/piwgrojec.pl\/?page_id=7\" class=\"more-link\">Czytaj dalej <span class=\"screen-reader-text\">Kontakt<\/span><\/a><\/p>\n","protected":false},"author":1,"featured_media":0,"parent":0,"menu_order":0,"comment_status":"closed","ping_status":"closed","template":"","meta":[],"_links":{"self":[{"href":"https:\/\/piwgrojec.pl\/index.php?rest_route=\/wp\/v2\/pages\/7"}],"collection":[{"href":"https:\/\/piwgrojec.pl\/index.php?rest_route=\/wp\/v2\/pages"}],"about":[{"href":"https:\/\/piwgrojec.pl\/index.php?rest_route=\/wp\/v2\/types\/page"}],"author":[{"embeddable":true,"href":"https:\/\/piwgrojec.pl\/index.php?rest_route=\/wp\/v2\/users\/1"}],"replies":[{"embeddable":true,"href":"https:\/\/piwgrojec.pl\/index.php?rest_route=%2Fwp%2Fv2%2Fcomments&post=7"}],"version-history":[{"count":69,"href":"https:\/\/piwgrojec.pl\/index.php?rest_route=\/wp\/v2\/pages\/7\/revisions"}],"predecessor-version":[{"id":1511,"href":"https:\/\/piwgrojec.pl\/index.php?rest_route=\/wp\/v2\/pages\/7\/revisions\/1511"}],"wp:attachment":[{"href":"https:\/\/piwgrojec.pl\/index.php?rest_route=%2Fwp%2Fv2%2Fmedia&parent=7"}],"curies":[{"name":"wp","href":"https:\/\/api.w.org\/{rel}","templated":true}]}}